{"id":1666,"date":"2020-08-13T17:01:23","date_gmt":"2020-08-13T17:01:23","guid":{"rendered":"https:\/\/f3.finewoodencreations.com\/product\/blat-70-x-70-cm-45-5-cm-grubosci-z-rzeka\/"},"modified":"2025-06-26T09:43:54","modified_gmt":"2025-06-26T09:43:54","slug":"blat-70-x-70-cm-45-5-cm-grubosci-z-rzeka","status":"publish","type":"product","link":"https:\/\/f3.finewoodencreations.com\/it\/produkt\/blat-70-x-70-cm-45-5-cm-grubosci-z-rzeka\/","title":{"rendered":"Blat 70 x 70 cm, 4,5\/5 cm grubo\u015bci z rzek\u0105"},"content":{"rendered":"<p>Specyfikacja blatu:<\/p>\n<ul>\n<li>rozmiar 70cm x 70cm x 4,5\/5cm<\/li>\n<li>szeroka rzeka wype\u0142niona per\u0142\u0105 w kolorze morska ziele\u0144-morski turkus (w kolorach jak na zalaczonych zdjeciach)<\/li>\n<li>Wi\u0119cej \u017cywicy ni\u017c drewna.<\/li>\n<li>Drewno orzechowe w kolorach ciep\u0142ego br\u0105zu.<\/li>\n<li>Sam blat<\/li>\n<li>wykonczenie lakier mat (g30)<\/li>\n<li>dostawa w Warszawie w cenie<\/li>\n<\/ul>\n","protected":false},"excerpt":{"rendered":"<p>Specyfikacja blatu: rozmiar 70cm x 70cm x 4,5\/5cm szeroka rzeka wype\u0142niona per\u0142\u0105 w kolorze morska ziele\u0144-morski turkus (w kolorach jak na zalaczonych zdjeciach) Wi\u0119cej \u017cywicy ni\u017c<span class=\"excerpt-hellip\"> [\u2026]<\/span><\/p>\n","protected":false},"featured_media":1667,"comment_status":"closed","ping_status":"open","template":"","meta":[],"product_brand":[],"product_cat":[57],"product_tag":[],"class_list":{"0":"post-1666","1":"product","2":"type-product","3":"status-publish","4":"has-post-thumbnail","6":"product_cat-zywica-epoksydowa","8":"first","9":"instock","10":"sale","11":"taxable","12":"shipping-taxable","13":"purchasable","14":"product-type-simple"},"bundled_by":[],"bundle_stock_status":"instock","bundle_stock_quantity":null,"bundle_virtual":false,"bundle_layout":"","bundle_add_to_cart_form_location":"","bundle_editable_in_cart":false,"bundle_sold_individually_context":"","bundle_item_grouping":"","bundle_min_size":"","bundle_max_size":"","bundle_price":[],"bundled_items":[],"bundle_sell_ids":[],"yoast_head":"<!-- This site is optimized with the Yoast SEO Premium plugin v26.4 (Yoast SEO v27.1.1) - https:\/\/yoast.com\/product\/yoast-seo-premium-wordpress\/ -->\n<title>Blat 70 x 70 cm, 4,5\/5 cm grubo\u015bci z rzek\u0105 - My Blog<\/title>\n<meta name=\"robots\" content=\"noindex, follow, max-snippet:-1, max-image-preview:large, max-video-preview:-1\" \/>\n<meta property=\"og:locale\" content=\"it_IT\" \/>\n<meta property=\"og:type\" content=\"article\" \/>\n<meta property=\"og:title\" content=\"Blat 70 x 70 cm, 4,5\/5 cm grubo\u015bci z rzek\u0105\" \/>\n<meta property=\"og:description\" content=\"Specyfikacja blatu: rozmiar 70cm x 70cm x 4,5\/5cm szeroka rzeka wype\u0142niona per\u0142\u0105 w kolorze morska ziele\u0144-morski turkus (w kolorach jak na zalaczonych zdjeciach) Wi\u0119cej \u017cywicy ni\u017c [\u2026]\" \/>\n<meta property=\"og:url\" content=\"https:\/\/f3.finewoodencreations.com\/produkt\/blat-70-x-70-cm-45-5-cm-grubosci-z-rzeka\/\" \/>\n<meta property=\"og:site_name\" content=\"My Blog\" \/>\n<meta property=\"article:modified_time\" content=\"2025-06-26T09:43:54+00:00\" \/>\n<meta property=\"og:image\" content=\"https:\/\/f3.finewoodencreations.com\/wp-content\/uploads\/2025\/03\/117142822_343624573306213_2435022243138380082_n.jpg\" \/>\n\t<meta property=\"og:image:width\" content=\"1024\" \/>\n\t<meta property=\"og:image:height\" content=\"768\" \/>\n\t<meta property=\"og:image:type\" content=\"image\/jpeg\" \/>\n<meta name=\"twitter:card\" content=\"summary_large_image\" \/>\n<script type=\"application\/ld+json\" class=\"yoast-schema-graph\">{\"@context\":\"https:\/\/schema.org\",\"@graph\":[{\"@type\":\"WebPage\",\"@id\":\"https:\/\/f3.finewoodencreations.com\/produkt\/blat-70-x-70-cm-45-5-cm-grubosci-z-rzeka\/\",\"url\":\"https:\/\/f3.finewoodencreations.com\/produkt\/blat-70-x-70-cm-45-5-cm-grubosci-z-rzeka\/\",\"name\":\"Blat 70 x 70 cm, 4,5\/5 cm grubo\u015bci z rzek\u0105 - My Blog\",\"isPartOf\":{\"@id\":\"https:\/\/f3.finewoodencreations.com\/#website\"},\"primaryImageOfPage\":{\"@id\":\"https:\/\/f3.finewoodencreations.com\/produkt\/blat-70-x-70-cm-45-5-cm-grubosci-z-rzeka\/#primaryimage\"},\"image\":{\"@id\":\"https:\/\/f3.finewoodencreations.com\/produkt\/blat-70-x-70-cm-45-5-cm-grubosci-z-rzeka\/#primaryimage\"},\"thumbnailUrl\":\"https:\/\/f3.finewoodencreations.com\/wp-content\/uploads\/2025\/03\/117142822_343624573306213_2435022243138380082_n.jpg\",\"datePublished\":\"2020-08-13T17:01:23+00:00\",\"dateModified\":\"2025-06-26T09:43:54+00:00\",\"breadcrumb\":{\"@id\":\"https:\/\/f3.finewoodencreations.com\/produkt\/blat-70-x-70-cm-45-5-cm-grubosci-z-rzeka\/#breadcrumb\"},\"inLanguage\":\"it-IT\",\"potentialAction\":[{\"@type\":\"ReadAction\",\"target\":[\"https:\/\/f3.finewoodencreations.com\/produkt\/blat-70-x-70-cm-45-5-cm-grubosci-z-rzeka\/\"]}]},{\"@type\":\"ImageObject\",\"inLanguage\":\"it-IT\",\"@id\":\"https:\/\/f3.finewoodencreations.com\/produkt\/blat-70-x-70-cm-45-5-cm-grubosci-z-rzeka\/#primaryimage\",\"url\":\"https:\/\/f3.finewoodencreations.com\/wp-content\/uploads\/2025\/03\/117142822_343624573306213_2435022243138380082_n.jpg\",\"contentUrl\":\"https:\/\/f3.finewoodencreations.com\/wp-content\/uploads\/2025\/03\/117142822_343624573306213_2435022243138380082_n.jpg\",\"width\":1024,\"height\":768},{\"@type\":\"BreadcrumbList\",\"@id\":\"https:\/\/f3.finewoodencreations.com\/produkt\/blat-70-x-70-cm-45-5-cm-grubosci-z-rzeka\/#breadcrumb\",\"itemListElement\":[{\"@type\":\"ListItem\",\"position\":1,\"name\":\"Home\",\"item\":\"https:\/\/f3.finewoodencreations.com\/\"},{\"@type\":\"ListItem\",\"position\":2,\"name\":\"Privacy Policy\",\"item\":\"https:\/\/f3.finewoodencreations.com\/?page_id=3\"},{\"@type\":\"ListItem\",\"position\":3,\"name\":\"Blat 70 x 70 cm, 4,5\/5 cm grubo\u015bci z rzek\u0105\"}]},{\"@type\":\"WebSite\",\"@id\":\"https:\/\/f3.finewoodencreations.com\/#website\",\"url\":\"https:\/\/f3.finewoodencreations.com\/\",\"name\":\"My Blog\",\"description\":\"My WordPress Blog\",\"potentialAction\":[{\"@type\":\"SearchAction\",\"target\":{\"@type\":\"EntryPoint\",\"urlTemplate\":\"https:\/\/f3.finewoodencreations.com\/?s={search_term_string}\"},\"query-input\":{\"@type\":\"PropertyValueSpecification\",\"valueRequired\":true,\"valueName\":\"search_term_string\"}}],\"inLanguage\":\"it-IT\"}]}<\/script>\n<!-- \/ Yoast SEO Premium plugin. -->","yoast_head_json":{"title":"Blat 70 x 70 cm, 4,5\/5 cm grubo\u015bci z rzek\u0105 - My Blog","robots":{"index":"noindex","follow":"follow","max-snippet":"max-snippet:-1","max-image-preview":"max-image-preview:large","max-video-preview":"max-video-preview:-1"},"og_locale":"it_IT","og_type":"article","og_title":"Blat 70 x 70 cm, 4,5\/5 cm grubo\u015bci z rzek\u0105","og_description":"Specyfikacja blatu: rozmiar 70cm x 70cm x 4,5\/5cm szeroka rzeka wype\u0142niona per\u0142\u0105 w kolorze morska ziele\u0144-morski turkus (w kolorach jak na zalaczonych zdjeciach) Wi\u0119cej \u017cywicy ni\u017c [\u2026]","og_url":"https:\/\/f3.finewoodencreations.com\/produkt\/blat-70-x-70-cm-45-5-cm-grubosci-z-rzeka\/","og_site_name":"My Blog","article_modified_time":"2025-06-26T09:43:54+00:00","og_image":[{"width":1024,"height":768,"url":"https:\/\/f3.finewoodencreations.com\/wp-content\/uploads\/2025\/03\/117142822_343624573306213_2435022243138380082_n.jpg","type":"image\/jpeg"}],"twitter_card":"summary_large_image","schema":{"@context":"https:\/\/schema.org","@graph":[{"@type":"WebPage","@id":"https:\/\/f3.finewoodencreations.com\/produkt\/blat-70-x-70-cm-45-5-cm-grubosci-z-rzeka\/","url":"https:\/\/f3.finewoodencreations.com\/produkt\/blat-70-x-70-cm-45-5-cm-grubosci-z-rzeka\/","name":"Blat 70 x 70 cm, 4,5\/5 cm grubo\u015bci z rzek\u0105 - My Blog","isPartOf":{"@id":"https:\/\/f3.finewoodencreations.com\/#website"},"primaryImageOfPage":{"@id":"https:\/\/f3.finewoodencreations.com\/produkt\/blat-70-x-70-cm-45-5-cm-grubosci-z-rzeka\/#primaryimage"},"image":{"@id":"https:\/\/f3.finewoodencreations.com\/produkt\/blat-70-x-70-cm-45-5-cm-grubosci-z-rzeka\/#primaryimage"},"thumbnailUrl":"https:\/\/f3.finewoodencreations.com\/wp-content\/uploads\/2025\/03\/117142822_343624573306213_2435022243138380082_n.jpg","datePublished":"2020-08-13T17:01:23+00:00","dateModified":"2025-06-26T09:43:54+00:00","breadcrumb":{"@id":"https:\/\/f3.finewoodencreations.com\/produkt\/blat-70-x-70-cm-45-5-cm-grubosci-z-rzeka\/#breadcrumb"},"inLanguage":"it-IT","potentialAction":[{"@type":"ReadAction","target":["https:\/\/f3.finewoodencreations.com\/produkt\/blat-70-x-70-cm-45-5-cm-grubosci-z-rzeka\/"]}]},{"@type":"ImageObject","inLanguage":"it-IT","@id":"https:\/\/f3.finewoodencreations.com\/produkt\/blat-70-x-70-cm-45-5-cm-grubosci-z-rzeka\/#primaryimage","url":"https:\/\/f3.finewoodencreations.com\/wp-content\/uploads\/2025\/03\/117142822_343624573306213_2435022243138380082_n.jpg","contentUrl":"https:\/\/f3.finewoodencreations.com\/wp-content\/uploads\/2025\/03\/117142822_343624573306213_2435022243138380082_n.jpg","width":1024,"height":768},{"@type":"BreadcrumbList","@id":"https:\/\/f3.finewoodencreations.com\/produkt\/blat-70-x-70-cm-45-5-cm-grubosci-z-rzeka\/#breadcrumb","itemListElement":[{"@type":"ListItem","position":1,"name":"Home","item":"https:\/\/f3.finewoodencreations.com\/"},{"@type":"ListItem","position":2,"name":"Privacy Policy","item":"https:\/\/f3.finewoodencreations.com\/?page_id=3"},{"@type":"ListItem","position":3,"name":"Blat 70 x 70 cm, 4,5\/5 cm grubo\u015bci z rzek\u0105"}]},{"@type":"WebSite","@id":"https:\/\/f3.finewoodencreations.com\/#website","url":"https:\/\/f3.finewoodencreations.com\/","name":"My Blog","description":"My WordPress Blog","potentialAction":[{"@type":"SearchAction","target":{"@type":"EntryPoint","urlTemplate":"https:\/\/f3.finewoodencreations.com\/?s={search_term_string}"},"query-input":{"@type":"PropertyValueSpecification","valueRequired":true,"valueName":"search_term_string"}}],"inLanguage":"it-IT"}]}},"_links":{"self":[{"href":"https:\/\/f3.finewoodencreations.com\/it\/wp-json\/wp\/v2\/product\/1666","targetHints":{"allow":["GET"]}}],"collection":[{"href":"https:\/\/f3.finewoodencreations.com\/it\/wp-json\/wp\/v2\/product"}],"about":[{"href":"https:\/\/f3.finewoodencreations.com\/it\/wp-json\/wp\/v2\/types\/product"}],"replies":[{"embeddable":true,"href":"https:\/\/f3.finewoodencreations.com\/it\/wp-json\/wp\/v2\/comments?post=1666"}],"wp:featuredmedia":[{"embeddable":true,"href":"https:\/\/f3.finewoodencreations.com\/it\/wp-json\/wp\/v2\/media\/1667"}],"wp:attachment":[{"href":"https:\/\/f3.finewoodencreations.com\/it\/wp-json\/wp\/v2\/media?parent=1666"}],"wp:term":[{"taxonomy":"product_brand","embeddable":true,"href":"https:\/\/f3.finewoodencreations.com\/it\/wp-json\/wp\/v2\/product_brand?post=1666"},{"taxonomy":"product_cat","embeddable":true,"href":"https:\/\/f3.finewoodencreations.com\/it\/wp-json\/wp\/v2\/product_cat?post=1666"},{"taxonomy":"product_tag","embeddable":true,"href":"https:\/\/f3.finewoodencreations.com\/it\/wp-json\/wp\/v2\/product_tag?post=1666"}],"curies":[{"name":"wp","href":"https:\/\/api.w.org\/{rel}","templated":true}]}}