{"id":3652,"date":"2021-11-02T17:41:05","date_gmt":"2021-11-02T17:41:05","guid":{"rendered":"https:\/\/f3.finewoodencreations.com\/product\/finer-medium-zywica-epoksydowa-do-stolow-2-6kg\/"},"modified":"2025-06-26T09:43:18","modified_gmt":"2025-06-26T09:43:18","slug":"finer-medium-zywica-epoksydowa-do-stolow-2-6kg","status":"publish","type":"product","link":"https:\/\/f3.finewoodencreations.com\/de\/produkt\/finer-medium-zywica-epoksydowa-do-stolow-2-6kg\/","title":{"rendered":"FineR MEDIUM \u017cywica epoksydowa do g\u0142\u0119bokich odlew\u00f3w 2,6kg"},"content":{"rendered":"<p><b>&#8220;FineR MEDIUM&#8221; to wysokiej jako\u015bci \u017cywica epoksydowa<\/b> do bardzo przejrzystych odlew\u00f3w. Umo\u017cliwia wylewanie du\u017cych odlew\u00f3w i dzi\u0119ki doskona\u0142emu uwalnianiu p\u0119cherzyk\u00f3w powietrza,<b> bardzo g\u0142adkiemu\u00a0utwardzaniu i krystalicznie czystej <\/b>przezroczysto\u015bci jest doskona\u0142a\u00a0\u017cywica do odlewania epoksydowych\u00a0<b>sto\u0142\u00f3w\u00a0typu &#8220;river table&#8221;<\/b> i g\u0142\u0119bokiego zalewania przedmiot\u00f3w.<\/p>\n<p>\u017bywica epoksydowa do odlewania jest idealna do zalewania wi\u0119kszych przedmiot\u00f3w takich jak figurki, kamienie, kruche przedmioty. \u017bywica ta mo\u017cne by\u0107 z powodzeniem stosowana do odlewania grubych warstw na blaty, blaty kuchenne, odlewania du\u017cych osobowo\u015bciowo obiekt\u00f3w.Ze wzgl\u0119du na powolne utwardzanie i d\u0142ugi czas pracy, wszelkie p\u0119cherzyki maja mo\u017cliwo\u015b\u0107 uwolnienia si\u0119. Dzi\u0119ki temu masz r\u00f3wnie\u017c czas na wprowadzenie zmian w projekcie w razie potrzeby.<\/p>\n<p>&nbsp;<\/p>\n<h5>Barwniki, \u015bwiec\u0105cy\u00a0proszek, pigmenty per\u0142owe i metaliczne, tusze<\/h5>\n<p>Nasza \u017cywica epoksydowa <strong>&#8220;FineR MEDIUM &#8221; do odlewania<\/strong> mo\u017cne by\u0107 \u0142atwo mieszana z wieloma ro\u017cnymi rodzajami pigment\u00f3w, barwnik\u00f3w, farb lub proszk\u00f3w. Mo\u017cesz miesza\u0107 kolory, aby uzyska\u0107 potrzebne barwy i odcienie. \u015awiec\u0105cy w ciemno\u015bci proszek mo\u017cne by\u0107 oczywi\u015bcie dodany dla uzyskania unikatowych efekt\u00f3w. Zazwyczaj dla uzyskania najlepszego efektu \u015bwiecenia w nocy nale\u017cny u\u017cy\u0107 od 5% do 50% proszku.<\/p>\n<p>Mo\u017cesz uzyska\u0107 wspaniale kolorowe efekty z o\u015bwietleniem z system\u00f3w LED &#8211; mo\u017cesz sprawdzi\u0107 nasze projekty stworzone z \u017cywicy <strong>&#8220;FineR MEDIUM &#8220;<\/strong> i o\u015bwietlenia LED.<\/p>\n<p>&nbsp;<\/p>\n<h5>Zalety \u017cywicy epoksydowej do g\u0142\u0119bokich odlew\u00f3w &#8220;FineR MEDIUM &#8220;:<\/h5>\n<ul>\n<li>Stosunek mieszania: <strong>100 (\u017cywica) :30 (utwardzacz)<\/strong><\/li>\n<li><strong>Utwardzacz w zestawie<\/strong><\/li>\n<li>Mo\u017cliwo\u015b\u0107 wykonywania g\u0142\u0119bokich odlew\u00f3w o grubo\u015bci do<strong> 5 cm na warstw\u0119 w 18C<\/strong><\/li>\n<li>Bardzo przejrzysty wynik ko\u0144cowy<\/li>\n<li>Niezwykle klarowne odlewy<\/li>\n<li>D\u0142ugi czas przetwarzania<\/li>\n<li>Bardzo dobra impregnacja dzi\u0119ki niskiej lepko\u015bci<\/li>\n<li>Nie niszczy dolnych warstw farby<\/li>\n<li>Bardzo dobra odporno\u015b\u0107 na promieniowanie UV. Mo\u017ce by\u0107 jeszcze bardziej chroniona dzi\u0119ki dodatkowej stabilizacji UV<\/li>\n<li>Do u\u017cycia na zewn\u0105trz bez efektu &#8220;\u017c\u00f3\u0142kni\u0119cia&#8221; z naszym stabilizatorem UV<\/li>\n<li>Pigmenty\/proszek\/tusze mog\u0105 by\u0107 \u0142atwo dodawane w celu uzyskania unikatowych efekt\u00f3w<\/li>\n<li>Mo\u017cna wyla\u0107 kilka warstw na siebie<\/li>\n<li>G\u0142adka, szklista powierzchnia<\/li>\n<li>Bardzo niska emisja ciep\u0142a<\/li>\n<li>Brak \/ ledwo wyczuwalny zapach. Neutralny zapach<\/li>\n<\/ul>\n<p>&nbsp;<\/p>\n<p>Przezroczysta \u017cywica epoksydowa do g\u0142\u0119bokich odlew\u00f3w jest idealna do nast\u0119puj\u0105cych zastosowa\u0144:<\/p>\n<ul>\n<li>Du\u017ce i g\u0142\u0119bokie obszary zalewania, takie jak sto\u0142y &#8220;river tables&#8221;, zalewanie przedmiot\u00f3w, formy<\/li>\n<li>Pow\u0142oka powierzchniowa do sto\u0142\u00f3w, pod\u0142\u00f3g, drewna, betonu<\/li>\n<li>Idealna do &#8220;resin art&#8221; &#8211; sztuki z u\u017cyciem \u017cywicy<\/li>\n<li>Prace typu &#8220;zr\u00f3b to sam&#8221; &#8211; DIY<\/li>\n<li>Naprawa \u0142odzi<\/li>\n<li>Do stosowania z w\u0142\u00f3knem szklanym, w\u0142\u00f3knem w\u0119glowym<\/li>\n<\/ul>\n<p>&nbsp;<\/p>\n<h5><strong>Informacje techniczne\u00a0<\/strong><\/h5>\n<p>Ka\u017cdy zestaw \u017cywicy epoksydowej<strong> &#8220;FineR MEDIUM &#8220;<\/strong> sk\u0142ada si\u0119 z <strong>2 komponent\u00f3w: \u017cywicy i utwardzacza.<\/strong><\/p>\n<ul>\n<li><strong>Proporcja mieszania:<\/strong> <span style=\"color: #ff0000\"><strong>100 (\u017cywica): 30 (utwardzacz)<\/strong><\/span> wymieszanych wagowo<\/li>\n<li><b>Maksymalna grubo\u015b\u0107\u00a0warstwy:<\/b> <span style=\"color: #ff0000\"><strong>5 cm.<\/strong><\/span> D\u0142ugi proces utwardzania pozwala na odlewanie grubych warstw do 5 cm.<\/li>\n<li><strong>Minimalna temperatura obr\u00f3bki:<\/strong> 13 stopni Celsjusza. Im ni\u017csza temperatura procesu, tym d\u0142u\u017cszy czas utwardzania.<\/li>\n<li><strong>Czas obr\u00f3bki (pot life):<\/strong> ok. 30 godzin.<\/li>\n<li><strong>Sucha powierzchniowo:<\/strong> ok. 24-48 godzinach<\/li>\n<li><strong>Pe\u0142ne utwardzenie po:<\/strong> <strong>ok 5 dniach<\/strong><\/li>\n<li><b>Termin przydatno\u015bci\u00a0do u\u017cycia:<\/b> Co najmniej 12 miesi\u0119cy w zamkni\u0119tych pojemnikach w temperaturze otoczenia<\/li>\n<\/ul>\n<p>&nbsp;<\/p>\n\n<p>&nbsp;<\/p>\n<p>&nbsp;<\/p>\n<h5>Pliki do pobrania<\/h5>\n<a class=\"button  button_left button_size_2\" href=\"https:\/\/finewoodencreations.com\/wp-content\/uploads\/2021\/11\/FineR_Medium_Resin_SDS_EN.pdf\"     style=\"background-color:#f7f7f7!important;color:#000000;\" target=\"_blank\"    title=\"\"><span class=\"button_icon\"><i class=\"icon-acrobat\"  style=\"color:#000000!important;\" aria-hidden=\"true\"><\/i><\/span><span class=\"button_label\"><strong>FineR_Medium_Resin_SDS_EN.pdf<\/strong><\/span><\/a>\n\n<p>&nbsp;<\/p>\n<a class=\"button  button_left button_size_2\" href=\"https:\/\/finewoodencreations.com\/wp-content\/uploads\/2021\/11\/FineR_Medium_Hardener_SDS_EN.pdf\"     style=\"background-color:#f7f7f7!important;color:#000000;\" target=\"_blank\"    title=\"\"><span class=\"button_icon\"><i class=\"icon-acrobat\"  style=\"color:#000000!important;\" aria-hidden=\"true\"><\/i><\/span><span class=\"button_label\"><strong>FineR_Medium_Hardener_SDS_EN.pdf<\/strong><\/span><\/a>\n\n<p>&nbsp;<\/p>\n<p>Potrzebujesz wi\u0119kszych ilo\u015bci \u017cywicy epoksydowej &#8211; prosimy o kontakt z nami: \u00a0<a href=\"mailto:info@finewoodencreations.com\"><strong>info@finewoodencreations.com<\/strong><\/a><\/p>\n","protected":false},"excerpt":{"rendered":"<p>Chcesz zrobi\u0107 w\u0142asny st\u00f3\u0142 z \u017cywicy epoksydowej lub zala\u0107 du\u017ce przedmioty do <strong>5 cm<\/strong> na raz?<\/p>\n<p>Mo\u017cesz u\u017cy\u0107 \u017cywicy epoksydowej<strong> &#8220;FineR MEDIUM &#8221; do g\u0142\u0119bokich odlew\u00f3w.<\/strong><\/p>\n<h6><strong><span style=\"color: #ff9900\"><i class=\"icon-truck-line\" style=\"\" aria-hidden=\"true\"><\/i><\/span> Dostawa z naszego magazynu!<\/strong><\/h6>\n<h6><strong><span style=\"color: #ff9900\"><i class=\"icon-credit-card\" style=\"\" aria-hidden=\"true\"><\/i><\/span> MasterCard, VISA, PayPal, Google Pay, Apple Pay, przelew<\/strong><\/h6>\n<h6><strong><span style=\"color: #ff9900\"><i class=\"icon-clock\" style=\"\" aria-hidden=\"true\"><\/i><\/span> Szybka dostawa &#8211; nawet tego samego dnia!<\/strong><\/h6>\n<h6><strong><span style=\"color: #ff9900\"><i class=\"icon-lock\" style=\"\" aria-hidden=\"true\"><\/i><\/span> Bezpieczna p\u0142atno\u015b\u0107<\/strong><\/h6>\n","protected":false},"featured_media":1922,"comment_status":"closed","ping_status":"open","template":"","meta":[],"product_brand":[],"product_cat":[57],"product_tag":[],"class_list":{"0":"post-3652","1":"product","2":"type-product","3":"status-publish","4":"has-post-thumbnail","6":"product_cat-zywica-epoksydowa","7":"pa_amount-2kg-zywicy-0-8kg-utwardzacza","9":"first","10":"instock","11":"sale","12":"taxable","13":"shipping-taxable","14":"purchasable","15":"product-type-simple"},"bundled_by":[],"bundle_stock_status":"instock","bundle_stock_quantity":null,"bundle_virtual":false,"bundle_layout":"","bundle_add_to_cart_form_location":"","bundle_editable_in_cart":false,"bundle_sold_individually_context":"","bundle_item_grouping":"","bundle_min_size":"","bundle_max_size":"","bundle_price":[],"bundled_items":[],"bundle_sell_ids":[],"yoast_head":"<!-- This site is optimized with the Yoast SEO Premium plugin v26.4 (Yoast SEO v27.1.1) - https:\/\/yoast.com\/product\/yoast-seo-premium-wordpress\/ -->\n<title>FineR MEDIUM \u017cywica epoksydowa do g\u0142\u0119bokich odlew\u00f3w 2,6kg - My Blog<\/title>\n<meta name=\"robots\" content=\"noindex, follow, max-snippet:-1, max-image-preview:large, max-video-preview:-1\" \/>\n<meta property=\"og:locale\" content=\"de_DE\" \/>\n<meta property=\"og:type\" content=\"article\" \/>\n<meta property=\"og:title\" content=\"FineR MEDIUM \u017cywica epoksydowa do g\u0142\u0119bokich odlew\u00f3w 2,6kg\" \/>\n<meta property=\"og:description\" content=\"Chcesz zrobi\u0107 w\u0142asny st\u00f3\u0142 z \u017cywicy epoksydowej lub zala\u0107 du\u017ce przedmioty do 5 cm na raz? Mo\u017cesz u\u017cy\u0107 \u017cywicy epoksydowej &quot;FineR MEDIUM &quot; do g\u0142\u0119bokich odlew\u00f3w. Dostawa z naszego magazynu! MasterCard, VISA, PayPal, Google Pay, Apple Pay, przelew Szybka dostawa - nawet tego samego dnia! Bezpieczna p\u0142atno\u015b\u0107\" \/>\n<meta property=\"og:url\" content=\"https:\/\/f3.finewoodencreations.com\/produkt\/finer-medium-zywica-epoksydowa-do-stolow-2-6kg\/\" \/>\n<meta property=\"og:site_name\" content=\"My Blog\" \/>\n<meta property=\"article:modified_time\" content=\"2025-06-26T09:43:18+00:00\" \/>\n<meta property=\"og:image\" content=\"https:\/\/f3.finewoodencreations.com\/wp-content\/uploads\/2025\/03\/finer-MEDIUM-26kg_1.jpg\" \/>\n\t<meta property=\"og:image:width\" content=\"1024\" \/>\n\t<meta property=\"og:image:height\" content=\"776\" \/>\n\t<meta property=\"og:image:type\" content=\"image\/jpeg\" \/>\n<meta name=\"twitter:card\" content=\"summary_large_image\" \/>\n<meta name=\"twitter:label1\" content=\"Gesch\u00e4tzte Lesezeit\" \/>\n\t<meta name=\"twitter:data1\" content=\"4\u00a0Minuten\" \/>\n<script type=\"application\/ld+json\" class=\"yoast-schema-graph\">{\"@context\":\"https:\/\/schema.org\",\"@graph\":[{\"@type\":\"WebPage\",\"@id\":\"https:\/\/f3.finewoodencreations.com\/produkt\/finer-medium-zywica-epoksydowa-do-stolow-2-6kg\/\",\"url\":\"https:\/\/f3.finewoodencreations.com\/produkt\/finer-medium-zywica-epoksydowa-do-stolow-2-6kg\/\",\"name\":\"FineR MEDIUM \u017cywica epoksydowa do g\u0142\u0119bokich odlew\u00f3w 2,6kg - My Blog\",\"isPartOf\":{\"@id\":\"https:\/\/f3.finewoodencreations.com\/#website\"},\"primaryImageOfPage\":{\"@id\":\"https:\/\/f3.finewoodencreations.com\/produkt\/finer-medium-zywica-epoksydowa-do-stolow-2-6kg\/#primaryimage\"},\"image\":{\"@id\":\"https:\/\/f3.finewoodencreations.com\/produkt\/finer-medium-zywica-epoksydowa-do-stolow-2-6kg\/#primaryimage\"},\"thumbnailUrl\":\"https:\/\/f3.finewoodencreations.com\/wp-content\/uploads\/2025\/03\/finer-MEDIUM-26kg_1.jpg\",\"datePublished\":\"2021-11-02T17:41:05+00:00\",\"dateModified\":\"2025-06-26T09:43:18+00:00\",\"breadcrumb\":{\"@id\":\"https:\/\/f3.finewoodencreations.com\/produkt\/finer-medium-zywica-epoksydowa-do-stolow-2-6kg\/#breadcrumb\"},\"inLanguage\":\"de\",\"potentialAction\":[{\"@type\":\"ReadAction\",\"target\":[\"https:\/\/f3.finewoodencreations.com\/produkt\/finer-medium-zywica-epoksydowa-do-stolow-2-6kg\/\"]}]},{\"@type\":\"ImageObject\",\"inLanguage\":\"de\",\"@id\":\"https:\/\/f3.finewoodencreations.com\/produkt\/finer-medium-zywica-epoksydowa-do-stolow-2-6kg\/#primaryimage\",\"url\":\"https:\/\/f3.finewoodencreations.com\/wp-content\/uploads\/2025\/03\/finer-MEDIUM-26kg_1.jpg\",\"contentUrl\":\"https:\/\/f3.finewoodencreations.com\/wp-content\/uploads\/2025\/03\/finer-MEDIUM-26kg_1.jpg\",\"width\":1024,\"height\":776},{\"@type\":\"BreadcrumbList\",\"@id\":\"https:\/\/f3.finewoodencreations.com\/produkt\/finer-medium-zywica-epoksydowa-do-stolow-2-6kg\/#breadcrumb\",\"itemListElement\":[{\"@type\":\"ListItem\",\"position\":1,\"name\":\"Home\",\"item\":\"https:\/\/f3.finewoodencreations.com\/\"},{\"@type\":\"ListItem\",\"position\":2,\"name\":\"Privacy Policy\",\"item\":\"https:\/\/f3.finewoodencreations.com\/?page_id=3\"},{\"@type\":\"ListItem\",\"position\":3,\"name\":\"FineR MEDIUM \u017cywica epoksydowa do g\u0142\u0119bokich odlew\u00f3w 2,6kg\"}]},{\"@type\":\"WebSite\",\"@id\":\"https:\/\/f3.finewoodencreations.com\/#website\",\"url\":\"https:\/\/f3.finewoodencreations.com\/\",\"name\":\"My Blog\",\"description\":\"My WordPress Blog\",\"potentialAction\":[{\"@type\":\"SearchAction\",\"target\":{\"@type\":\"EntryPoint\",\"urlTemplate\":\"https:\/\/f3.finewoodencreations.com\/?s={search_term_string}\"},\"query-input\":{\"@type\":\"PropertyValueSpecification\",\"valueRequired\":true,\"valueName\":\"search_term_string\"}}],\"inLanguage\":\"de\"}]}<\/script>\n<!-- \/ Yoast SEO Premium plugin. -->","yoast_head_json":{"title":"FineR MEDIUM \u017cywica epoksydowa do g\u0142\u0119bokich odlew\u00f3w 2,6kg - My Blog","robots":{"index":"noindex","follow":"follow","max-snippet":"max-snippet:-1","max-image-preview":"max-image-preview:large","max-video-preview":"max-video-preview:-1"},"og_locale":"de_DE","og_type":"article","og_title":"FineR MEDIUM \u017cywica epoksydowa do g\u0142\u0119bokich odlew\u00f3w 2,6kg","og_description":"Chcesz zrobi\u0107 w\u0142asny st\u00f3\u0142 z \u017cywicy epoksydowej lub zala\u0107 du\u017ce przedmioty do 5 cm na raz? Mo\u017cesz u\u017cy\u0107 \u017cywicy epoksydowej \"FineR MEDIUM \" do g\u0142\u0119bokich odlew\u00f3w. Dostawa z naszego magazynu! MasterCard, VISA, PayPal, Google Pay, Apple Pay, przelew Szybka dostawa - nawet tego samego dnia! Bezpieczna p\u0142atno\u015b\u0107","og_url":"https:\/\/f3.finewoodencreations.com\/produkt\/finer-medium-zywica-epoksydowa-do-stolow-2-6kg\/","og_site_name":"My Blog","article_modified_time":"2025-06-26T09:43:18+00:00","og_image":[{"width":1024,"height":776,"url":"https:\/\/f3.finewoodencreations.com\/wp-content\/uploads\/2025\/03\/finer-MEDIUM-26kg_1.jpg","type":"image\/jpeg"}],"twitter_card":"summary_large_image","twitter_misc":{"Gesch\u00e4tzte Lesezeit":"4\u00a0Minuten"},"schema":{"@context":"https:\/\/schema.org","@graph":[{"@type":"WebPage","@id":"https:\/\/f3.finewoodencreations.com\/produkt\/finer-medium-zywica-epoksydowa-do-stolow-2-6kg\/","url":"https:\/\/f3.finewoodencreations.com\/produkt\/finer-medium-zywica-epoksydowa-do-stolow-2-6kg\/","name":"FineR MEDIUM \u017cywica epoksydowa do g\u0142\u0119bokich odlew\u00f3w 2,6kg - My Blog","isPartOf":{"@id":"https:\/\/f3.finewoodencreations.com\/#website"},"primaryImageOfPage":{"@id":"https:\/\/f3.finewoodencreations.com\/produkt\/finer-medium-zywica-epoksydowa-do-stolow-2-6kg\/#primaryimage"},"image":{"@id":"https:\/\/f3.finewoodencreations.com\/produkt\/finer-medium-zywica-epoksydowa-do-stolow-2-6kg\/#primaryimage"},"thumbnailUrl":"https:\/\/f3.finewoodencreations.com\/wp-content\/uploads\/2025\/03\/finer-MEDIUM-26kg_1.jpg","datePublished":"2021-11-02T17:41:05+00:00","dateModified":"2025-06-26T09:43:18+00:00","breadcrumb":{"@id":"https:\/\/f3.finewoodencreations.com\/produkt\/finer-medium-zywica-epoksydowa-do-stolow-2-6kg\/#breadcrumb"},"inLanguage":"de","potentialAction":[{"@type":"ReadAction","target":["https:\/\/f3.finewoodencreations.com\/produkt\/finer-medium-zywica-epoksydowa-do-stolow-2-6kg\/"]}]},{"@type":"ImageObject","inLanguage":"de","@id":"https:\/\/f3.finewoodencreations.com\/produkt\/finer-medium-zywica-epoksydowa-do-stolow-2-6kg\/#primaryimage","url":"https:\/\/f3.finewoodencreations.com\/wp-content\/uploads\/2025\/03\/finer-MEDIUM-26kg_1.jpg","contentUrl":"https:\/\/f3.finewoodencreations.com\/wp-content\/uploads\/2025\/03\/finer-MEDIUM-26kg_1.jpg","width":1024,"height":776},{"@type":"BreadcrumbList","@id":"https:\/\/f3.finewoodencreations.com\/produkt\/finer-medium-zywica-epoksydowa-do-stolow-2-6kg\/#breadcrumb","itemListElement":[{"@type":"ListItem","position":1,"name":"Home","item":"https:\/\/f3.finewoodencreations.com\/"},{"@type":"ListItem","position":2,"name":"Privacy Policy","item":"https:\/\/f3.finewoodencreations.com\/?page_id=3"},{"@type":"ListItem","position":3,"name":"FineR MEDIUM \u017cywica epoksydowa do g\u0142\u0119bokich odlew\u00f3w 2,6kg"}]},{"@type":"WebSite","@id":"https:\/\/f3.finewoodencreations.com\/#website","url":"https:\/\/f3.finewoodencreations.com\/","name":"My Blog","description":"My WordPress Blog","potentialAction":[{"@type":"SearchAction","target":{"@type":"EntryPoint","urlTemplate":"https:\/\/f3.finewoodencreations.com\/?s={search_term_string}"},"query-input":{"@type":"PropertyValueSpecification","valueRequired":true,"valueName":"search_term_string"}}],"inLanguage":"de"}]}},"_links":{"self":[{"href":"https:\/\/f3.finewoodencreations.com\/de\/wp-json\/wp\/v2\/product\/3652","targetHints":{"allow":["GET"]}}],"collection":[{"href":"https:\/\/f3.finewoodencreations.com\/de\/wp-json\/wp\/v2\/product"}],"about":[{"href":"https:\/\/f3.finewoodencreations.com\/de\/wp-json\/wp\/v2\/types\/product"}],"replies":[{"embeddable":true,"href":"https:\/\/f3.finewoodencreations.com\/de\/wp-json\/wp\/v2\/comments?post=3652"}],"wp:featuredmedia":[{"embeddable":true,"href":"https:\/\/f3.finewoodencreations.com\/de\/wp-json\/wp\/v2\/media\/1922"}],"wp:attachment":[{"href":"https:\/\/f3.finewoodencreations.com\/de\/wp-json\/wp\/v2\/media?parent=3652"}],"wp:term":[{"taxonomy":"product_brand","embeddable":true,"href":"https:\/\/f3.finewoodencreations.com\/de\/wp-json\/wp\/v2\/product_brand?post=3652"},{"taxonomy":"product_cat","embeddable":true,"href":"https:\/\/f3.finewoodencreations.com\/de\/wp-json\/wp\/v2\/product_cat?post=3652"},{"taxonomy":"product_tag","embeddable":true,"href":"https:\/\/f3.finewoodencreations.com\/de\/wp-json\/wp\/v2\/product_tag?post=3652"}],"curies":[{"name":"wp","href":"https:\/\/api.w.org\/{rel}","templated":true}]}}